{"id":2769,"date":"2024-06-05T23:45:10","date_gmt":"2024-06-05T21:45:10","guid":{"rendered":"http:\/\/renovelite.fr\/?page_id=2769"},"modified":"2024-06-05T23:50:31","modified_gmt":"2024-06-05T21:50:31","slug":"mentions-legales","status":"publish","type":"page","link":"https:\/\/renovelite.fr\/index.php\/mentions-legales\/","title":{"rendered":"Mentions l\u00e9gales"},"content":{"rendered":"\t\t<div data-elementor-type=\"wp-page\" data-elementor-id=\"2769\" class=\"elementor elementor-2769\">\n\t\t\t\t<div class=\"elementor-element elementor-element-0c10612 e-flex e-con-boxed e-con e-parent\" data-id=\"0c10612\" data-element_type=\"container\" data-core-v316-plus=\"true\">\n\t\t\t\t\t<div class=\"e-con-inner\">\n\t\t\t\t<div class=\"elementor-element elementor-element-be3e6d2 elementor-widget elementor-widget-heading\" data-id=\"be3e6d2\" data-element_type=\"widget\" data-widget_type=\"heading.default\">\n\t\t\t\t<div class=\"elementor-widget-container\">\n\t\t\t<style>\/*! elementor - v3.20.0 - 26-03-2024 *\/\n.elementor-heading-title{padding:0;margin:0;line-height:1}.elementor-widget-heading .elementor-heading-title[class*=elementor-size-]>a{color:inherit;font-size:inherit;line-height:inherit}.elementor-widget-heading .elementor-heading-title.elementor-size-small{font-size:15px}.elementor-widget-heading .elementor-heading-title.elementor-size-medium{font-size:19px}.elementor-widget-heading .elementor-heading-title.elementor-size-large{font-size:29px}.elementor-widget-heading .elementor-heading-title.elementor-size-xl{font-size:39px}.elementor-widget-heading .elementor-heading-title.elementor-size-xxl{font-size:59px}<\/style><h2 class=\"elementor-heading-title elementor-size-default\">Mentions l\u00e9gales<\/h2>\t\t<\/div>\n\t\t\t\t<\/div>\n\t\t\t\t<div class=\"elementor-element elementor-element-7937b71 elementor-widget elementor-widget-text-editor\" data-id=\"7937b71\" data-element_type=\"widget\" data-widget_type=\"text-editor.default\">\n\t\t\t\t<div class=\"elementor-widget-container\">\n\t\t\t<style>\/*! elementor - v3.20.0 - 26-03-2024 *\/\n.elementor-widget-text-editor.elementor-drop-cap-view-stacked .elementor-drop-cap{background-color:#69727d;color:#fff}.elementor-widget-text-editor.elementor-drop-cap-view-framed .elementor-drop-cap{color:#69727d;border:3px solid;background-color:transparent}.elementor-widget-text-editor:not(.elementor-drop-cap-view-default) .elementor-drop-cap{margin-top:8px}.elementor-widget-text-editor:not(.elementor-drop-cap-view-default) .elementor-drop-cap-letter{width:1em;height:1em}.elementor-widget-text-editor .elementor-drop-cap{float:left;text-align:center;line-height:1;font-size:50px}.elementor-widget-text-editor .elementor-drop-cap-letter{display:inline-block}<\/style>\t\t\t\t<p><strong style=\"text-align: var(--text-align);\">\u00c9diteur :<\/strong><span style=\"text-align: var(--text-align);\">\u00a0<\/span><\/p><p><span style=\"text-align: var(--text-align);\">RENOVELITE<\/span><\/p><p><span style=\"text-align: var(--text-align);\">5 bis Rue de la Vieille Montagne, <\/span><\/p><p><span style=\"text-align: var(--text-align);\">60700 PONT-SAINTE-MAXENCE<\/span><\/p><p><span style=\"text-align: var(--text-align);\">Email: contact@renovelite.fr<\/span><\/p><p>\u00a0<\/p><p><strong>H\u00e9bergeur :<\/strong><\/p><p>OVH<\/p><p>2 rue Kellermann<\/p><p>59100 Roubaix<\/p><p>\u00a0<\/p><p><strong>Propri\u00e9t\u00e9 intellectuelle :<\/strong> Ce site et son contenu sont la propri\u00e9t\u00e9 de Renovelite. Toute reproduction est interdite sans autorisation.<\/p><p><strong>Protection des donn\u00e9es personnelles :<\/strong> Les donn\u00e9es collect\u00e9es sont destin\u00e9es \u00e0 Renovelite et ne seront pas partag\u00e9es avec des tiers.<\/p><p><strong>Cookies :<\/strong> Ce site utilise des cookies pour am\u00e9liorer l&#8217;exp\u00e9rience utilisateur.<\/p><p><strong>Liens externes :<\/strong> Nous d\u00e9clinons toute responsabilit\u00e9 quant au contenu des sites externes li\u00e9s au n\u00f4tre.<\/p><p><strong>Responsabilit\u00e9 :<\/strong> Nous d\u00e9clinons toute responsabilit\u00e9 en cas d&#8217;erreur ou d&#8217;omission dans les informations fournies sur ce site.<\/p><p><strong>Juridiction comp\u00e9tente :<\/strong> En cas de litige, le tribunal comp\u00e9tent sera celui du lieu du si\u00e8ge social de Renovelite.<\/p>\t\t\t\t\t\t<\/div>\n\t\t\t\t<\/div>\n\t\t\t\t\t<\/div>\n\t\t\t\t<\/div>\n\t\t\t\t<\/div>\n\t\t","protected":false},"excerpt":{"rendered":"<p>Mentions l\u00e9gales \u00c9diteur :\u00a0 RENOVELITE 5 bis Rue de la Vieille Montagne, 60700 PONT-SAINTE-MAXENCE Email: contact@renovelite.fr \u00a0 H\u00e9bergeur : OVH 2 rue Kellermann 59100 Roubaix \u00a0 Propri\u00e9t\u00e9 intellectuelle : Ce site et son contenu sont la propri\u00e9t\u00e9 de Renovelite. Toute reproduction est interdite sans autorisation. Protection des donn\u00e9es personnelles : Les donn\u00e9es collect\u00e9es sont destin\u00e9es<\/p>\n","protected":false},"author":1,"featured_media":0,"parent":0,"menu_order":0,"comment_status":"closed","ping_status":"closed","template":"","meta":{"footnotes":""},"class_list":["post-2769","page","type-page","status-publish","hentry"],"_links":{"self":[{"href":"https:\/\/renovelite.fr\/index.php\/wp-json\/wp\/v2\/pages\/2769","targetHints":{"allow":["GET"]}}],"collection":[{"href":"https:\/\/renovelite.fr\/index.php\/wp-json\/wp\/v2\/pages"}],"about":[{"href":"https:\/\/renovelite.fr\/index.php\/wp-json\/wp\/v2\/types\/page"}],"author":[{"embeddable":true,"href":"https:\/\/renovelite.fr\/index.php\/wp-json\/wp\/v2\/users\/1"}],"replies":[{"embeddable":true,"href":"https:\/\/renovelite.fr\/index.php\/wp-json\/wp\/v2\/comments?post=2769"}],"version-history":[{"count":10,"href":"https:\/\/renovelite.fr\/index.php\/wp-json\/wp\/v2\/pages\/2769\/revisions"}],"predecessor-version":[{"id":2779,"href":"https:\/\/renovelite.fr\/index.php\/wp-json\/wp\/v2\/pages\/2769\/revisions\/2779"}],"wp:attachment":[{"href":"https:\/\/renovelite.fr\/index.php\/wp-json\/wp\/v2\/media?parent=2769"}],"curies":[{"name":"wp","href":"https:\/\/api.w.org\/{rel}","templated":true}]}}